{"id":720,"date":"2021-01-11T04:42:16","date_gmt":"2021-01-11T04:42:16","guid":{"rendered":"https:\/\/radiustheme.com\/demo\/wordpress\/themes\/artex\/?page_id=720"},"modified":"2021-02-22T12:09:23","modified_gmt":"2021-02-22T12:09:23","slug":"portfolio-slider","status":"publish","type":"page","link":"https:\/\/lexsayapi.com\/en\/portfolio-slider\/","title":{"rendered":"Portfolio Slider"},"content":{"rendered":"<div data-elementor-type=\"wp-page\" data-elementor-id=\"720\" class=\"elementor elementor-720\" data-elementor-settings=\"[]\">\n\t\t\t\t\t\t\t<div class=\"elementor-section-wrap\">\n\t\t\t\t\t\t\t<section class=\"elementor-section elementor-top-section elementor-element elementor-element-a2e98d0 elementor-section-full_width elementor-section-height-default elementor-section-height-default\" data-id=\"a2e98d0\" data-element_type=\"section\">\n\t\t\t\t\t\t<div class=\"elementor-container elementor-column-gap-no\">\n\t\t\t\t\t<div class=\"elementor-column elementor-col-100 elementor-top-column elementor-element elementor-element-29c5ea6\" data-id=\"29c5ea6\" data-element_type=\"column\">\n\t\t\t<div class=\"elementor-widget-wrap elementor-element-populated\">\n\t\t\t\t\t\t\t\t<div class=\"elementor-element elementor-element-35df19d elementor-widget elementor-widget-rt-portfolio\" data-id=\"35df19d\" data-element_type=\"widget\" data-widget_type=\"rt-portfolio.default\">\n\t\t\t\t<div class=\"elementor-widget-container\">\n\t\t\t\n\n<div class=\"project-parallax-wrap project-parallax-2  box-layout\"> \n\n  <div class=\"swiper-container project-figure-two\">\n    <div class=\"swiper-wrapper\">\n                <div class=\"swiper-slide\">\n          <img width=\"800\" height=\"600\" src=\"https:\/\/lexsayapi.com\/wp-content\/uploads\/2022\/09\/lexsa-kis-bahcesi-4-1.jpg\" class=\"attachment-post-thumbnail size-post-thumbnail wp-post-image\" alt=\"\" decoding=\"async\" loading=\"lazy\" srcset=\"https:\/\/lexsayapi.com\/wp-content\/uploads\/2022\/09\/lexsa-kis-bahcesi-4-1.jpg 800w, https:\/\/lexsayapi.com\/wp-content\/uploads\/2022\/09\/lexsa-kis-bahcesi-4-1-300x225.jpg 300w, https:\/\/lexsayapi.com\/wp-content\/uploads\/2022\/09\/lexsa-kis-bahcesi-4-1-768x576.jpg 768w, https:\/\/lexsayapi.com\/wp-content\/uploads\/2022\/09\/lexsa-kis-bahcesi-4-1-16x12.jpg 16w\" sizes=\"(max-width: 800px) 100vw, 800px\" \/>        <\/div>\n                <div class=\"swiper-slide\">\n          <img width=\"750\" height=\"550\" src=\"https:\/\/lexsayapi.com\/wp-content\/uploads\/2021\/02\/lexsa-bagdat-yt-1.jpg\" class=\"attachment-post-thumbnail size-post-thumbnail wp-post-image\" alt=\"\" decoding=\"async\" loading=\"lazy\" srcset=\"https:\/\/lexsayapi.com\/wp-content\/uploads\/2021\/02\/lexsa-bagdat-yt-1.jpg 750w, https:\/\/lexsayapi.com\/wp-content\/uploads\/2021\/02\/lexsa-bagdat-yt-1-300x220.jpg 300w\" sizes=\"(max-width: 750px) 100vw, 750px\" \/>        <\/div>\n                <div class=\"swiper-slide\">\n          <img width=\"1024\" height=\"576\" src=\"https:\/\/lexsayapi.com\/wp-content\/uploads\/2021\/02\/lexsayapi-iskenderun.jpg\" class=\"attachment-post-thumbnail size-post-thumbnail wp-post-image\" alt=\"\" decoding=\"async\" loading=\"lazy\" srcset=\"https:\/\/lexsayapi.com\/wp-content\/uploads\/2021\/02\/lexsayapi-iskenderun.jpg 1024w, https:\/\/lexsayapi.com\/wp-content\/uploads\/2021\/02\/lexsayapi-iskenderun-300x169.jpg 300w, https:\/\/lexsayapi.com\/wp-content\/uploads\/2021\/02\/lexsayapi-iskenderun-768x432.jpg 768w\" sizes=\"(max-width: 1024px) 100vw, 1024px\" \/>        <\/div>\n                <div class=\"swiper-slide\">\n          <img width=\"1328\" height=\"747\" src=\"https:\/\/lexsayapi.com\/wp-content\/uploads\/2021\/02\/lexsayapi-dis-cephe.jpg\" class=\"attachment-post-thumbnail size-post-thumbnail wp-post-image\" alt=\"\" decoding=\"async\" loading=\"lazy\" srcset=\"https:\/\/lexsayapi.com\/wp-content\/uploads\/2021\/02\/lexsayapi-dis-cephe.jpg 1328w, https:\/\/lexsayapi.com\/wp-content\/uploads\/2021\/02\/lexsayapi-dis-cephe-300x169.jpg 300w, https:\/\/lexsayapi.com\/wp-content\/uploads\/2021\/02\/lexsayapi-dis-cephe-1024x576.jpg 1024w, https:\/\/lexsayapi.com\/wp-content\/uploads\/2021\/02\/lexsayapi-dis-cephe-768x432.jpg 768w\" sizes=\"(max-width: 1328px) 100vw, 1328px\" \/>        <\/div>\n         \n    <\/div>\n    <div class=\"swiper-button-prev\"><i class=\"flaticon-left-arrow\"><\/i><\/div>\n    <div class=\"swiper-button-next\"><i class=\"flaticon-right-arrow\"><\/i><\/div>\n  <\/div>\n\n  <div class=\"swiper-container project-text project-text-two\">\n    <div class=\"swiper-wrapper\">\n              <div class=\"swiper-slide\">\n          <div class=\"container\">\n            <div class=\"project-parallax-content\">\n                            <h3 class=\"item-title\"><a href=\"https:\/\/lexsayapi.com\/en\/portfolio\/almanya\/\">Germany<\/a><\/h3>\n              <p>Almanya'da Ger\u00e7ekle\u015ftirdi\u011fimiz Projemiz.<\/p>\n                            <div class=\"d-flex align-items-center mt-3\">\n                <ul class=\"social-list\"> \r\n\r\n    <li class=\"item-social\">\r\n      <span>Shares:<\/span>\r\n              <span><a href=\"http:\/\/www.facebook.com\/sharer.php?u=https%3A%2F%2Flexsayapi.com%2Fen%2Fportfolio%2Falmanya%2F\" class=\"bg-facebook\"><i class=\"fab fa-facebook-f\"><\/i><\/a><\/span>\r\n              <span><a href=\"https:\/\/twitter.com\/intent\/tweet?source=https%3A%2F%2Flexsayapi.com%2Fen%2Fportfolio%2Falmanya%2F&amp;text=Almanya:https%3A%2F%2Flexsayapi.com%2Fen%2Fportfolio%2Falmanya%2F\" class=\"bg-twitter\"><i class=\"fab fa-twitter\"><\/i><\/a><\/span>\r\n              <span><a href=\"http:\/\/www.linkedin.com\/shareArticle?mini=true&amp;url=https%3A%2F%2Flexsayapi.com%2Fen%2Fportfolio%2Falmanya%2F&amp;title=Almanya\" class=\"bg-linkedin\"><i class=\"fab fa-linkedin-in\"><\/i><\/a><\/span>\r\n              <span><a href=\"http:\/\/pinterest.com\/pin\/create\/button\/?url=https%3A%2F%2Flexsayapi.com%2Fen%2Fportfolio%2Falmanya%2F&amp;description=Almanya\" class=\"bg-pinterest\"><i class=\"fab fa-pinterest-p\"><\/i><\/a><\/span>\r\n          <\/li>\r\n\r\n   <\/ul>\n              <\/div>\n                          <\/div>\n          <\/div>\n        <\/div>\n              <div class=\"swiper-slide\">\n          <div class=\"container\">\n            <div class=\"project-parallax-content\">\n                            <h3 class=\"item-title\"><a href=\"https:\/\/lexsayapi.com\/en\/portfolio\/irak-bagdat\/\">Iraq \/ Baghdad<\/a><\/h3>\n              <p>Our Project in Iraq \/ Baghdad.<\/p>\n                            <div class=\"d-flex align-items-center mt-3\">\n                <ul class=\"social-list\"> \r\n\r\n    <li class=\"item-social\">\r\n      <span>Shares:<\/span>\r\n              <span><a href=\"http:\/\/www.facebook.com\/sharer.php?u=https%3A%2F%2Flexsayapi.com%2Fen%2Fportfolio%2Firak-bagdat%2F\" class=\"bg-facebook\"><i class=\"fab fa-facebook-f\"><\/i><\/a><\/span>\r\n              <span><a href=\"https:\/\/twitter.com\/intent\/tweet?source=https%3A%2F%2Flexsayapi.com%2Fen%2Fportfolio%2Firak-bagdat%2F&amp;text=Irak+%2F+Ba%C4%9Fdat:https%3A%2F%2Flexsayapi.com%2Fen%2Fportfolio%2Firak-bagdat%2F\" class=\"bg-twitter\"><i class=\"fab fa-twitter\"><\/i><\/a><\/span>\r\n              <span><a href=\"http:\/\/www.linkedin.com\/shareArticle?mini=true&amp;url=https%3A%2F%2Flexsayapi.com%2Fen%2Fportfolio%2Firak-bagdat%2F&amp;title=Irak+%2F+Ba%C4%9Fdat\" class=\"bg-linkedin\"><i class=\"fab fa-linkedin-in\"><\/i><\/a><\/span>\r\n              <span><a href=\"http:\/\/pinterest.com\/pin\/create\/button\/?url=https%3A%2F%2Flexsayapi.com%2Fen%2Fportfolio%2Firak-bagdat%2F&amp;description=Irak+%2F+Ba%C4%9Fdat\" class=\"bg-pinterest\"><i class=\"fab fa-pinterest-p\"><\/i><\/a><\/span>\r\n          <\/li>\r\n\r\n   <\/ul>\n              <\/div>\n                          <\/div>\n          <\/div>\n        <\/div>\n              <div class=\"swiper-slide\">\n          <div class=\"container\">\n            <div class=\"project-parallax-content\">\n                            <h3 class=\"item-title\"><a href=\"https:\/\/lexsayapi.com\/en\/portfolio\/turkiye-iskenderun\/\">Turkey \/ Iskenderun<\/a><\/h3>\n              <p>Our Project in Turkey \/ Iskenderun<\/p>\n                            <div class=\"d-flex align-items-center mt-3\">\n                <ul class=\"social-list\"> \r\n\r\n    <li class=\"item-social\">\r\n      <span>Shares:<\/span>\r\n              <span><a href=\"http:\/\/www.facebook.com\/sharer.php?u=https%3A%2F%2Flexsayapi.com%2Fen%2Fportfolio%2Fturkiye-iskenderun%2F\" class=\"bg-facebook\"><i class=\"fab fa-facebook-f\"><\/i><\/a><\/span>\r\n              <span><a href=\"https:\/\/twitter.com\/intent\/tweet?source=https%3A%2F%2Flexsayapi.com%2Fen%2Fportfolio%2Fturkiye-iskenderun%2F&amp;text=T%C3%BCrkiye+%2F+%C4%B0skenderun:https%3A%2F%2Flexsayapi.com%2Fen%2Fportfolio%2Fturkiye-iskenderun%2F\" class=\"bg-twitter\"><i class=\"fab fa-twitter\"><\/i><\/a><\/span>\r\n              <span><a href=\"http:\/\/www.linkedin.com\/shareArticle?mini=true&amp;url=https%3A%2F%2Flexsayapi.com%2Fen%2Fportfolio%2Fturkiye-iskenderun%2F&amp;title=T%C3%BCrkiye+%2F+%C4%B0skenderun\" class=\"bg-linkedin\"><i class=\"fab fa-linkedin-in\"><\/i><\/a><\/span>\r\n              <span><a href=\"http:\/\/pinterest.com\/pin\/create\/button\/?url=https%3A%2F%2Flexsayapi.com%2Fen%2Fportfolio%2Fturkiye-iskenderun%2F&amp;description=T%C3%BCrkiye+%2F+%C4%B0skenderun\" class=\"bg-pinterest\"><i class=\"fab fa-pinterest-p\"><\/i><\/a><\/span>\r\n          <\/li>\r\n\r\n   <\/ul>\n              <\/div>\n                          <\/div>\n          <\/div>\n        <\/div>\n              <div class=\"swiper-slide\">\n          <div class=\"container\">\n            <div class=\"project-parallax-content\">\n                            <h3 class=\"item-title\"><a href=\"https:\/\/lexsayapi.com\/en\/portfolio\/istanbul-turkiye\/\">Istanbul \/ Turkey<\/a><\/h3>\n              <p>Our project in Istanbul \/ Turkey.<\/p>\n                            <div class=\"d-flex align-items-center mt-3\">\n                <ul class=\"social-list\"> \r\n\r\n    <li class=\"item-social\">\r\n      <span>Shares:<\/span>\r\n              <span><a href=\"http:\/\/www.facebook.com\/sharer.php?u=https%3A%2F%2Flexsayapi.com%2Fen%2Fportfolio%2Fistanbul-turkiye%2F\" class=\"bg-facebook\"><i class=\"fab fa-facebook-f\"><\/i><\/a><\/span>\r\n              <span><a href=\"https:\/\/twitter.com\/intent\/tweet?source=https%3A%2F%2Flexsayapi.com%2Fen%2Fportfolio%2Fistanbul-turkiye%2F&amp;text=%C4%B0stanbul+%2F+T%C3%BCrkiye:https%3A%2F%2Flexsayapi.com%2Fen%2Fportfolio%2Fistanbul-turkiye%2F\" class=\"bg-twitter\"><i class=\"fab fa-twitter\"><\/i><\/a><\/span>\r\n              <span><a href=\"http:\/\/www.linkedin.com\/shareArticle?mini=true&amp;url=https%3A%2F%2Flexsayapi.com%2Fen%2Fportfolio%2Fistanbul-turkiye%2F&amp;title=%C4%B0stanbul+%2F+T%C3%BCrkiye\" class=\"bg-linkedin\"><i class=\"fab fa-linkedin-in\"><\/i><\/a><\/span>\r\n              <span><a href=\"http:\/\/pinterest.com\/pin\/create\/button\/?url=https%3A%2F%2Flexsayapi.com%2Fen%2Fportfolio%2Fistanbul-turkiye%2F&amp;description=%C4%B0stanbul+%2F+T%C3%BCrkiye\" class=\"bg-pinterest\"><i class=\"fab fa-pinterest-p\"><\/i><\/a><\/span>\r\n          <\/li>\r\n\r\n   <\/ul>\n              <\/div>\n                          <\/div>\n          <\/div>\n        <\/div>\n       \n    <\/div>        \n  <\/div>\n\n<\/div>  \n\n\t\t<\/div>\n\t\t\t\t<\/div>\n\t\t\t\t\t<\/div>\n\t\t<\/div>\n\t\t\t\t\t\t\t<\/div>\n\t\t<\/section>\n\t\t\t\t\t\t<\/div>\n\t\t\t\t\t<\/div>","protected":false},"excerpt":{"rendered":"<p>Details Information Architecture Studio Building There are many variations of passages of Lorem Ipsum is the at dum add available but majority have suffered alteration that and more at the the some form by injected humour randomised that words which don&#8217;t look even slightly believable. If you are Lorem Ipsum more that are embarrassing. Client:Austyn&#8230;<\/p>","protected":false},"author":1,"featured_media":0,"parent":0,"menu_order":0,"comment_status":"closed","ping_status":"closed","template":"templates\/blank.php","meta":{"ngg_post_thumbnail":0},"_links":{"self":[{"href":"https:\/\/lexsayapi.com\/en\/wp-json\/wp\/v2\/pages\/720"}],"collection":[{"href":"https:\/\/lexsayapi.com\/en\/wp-json\/wp\/v2\/pages"}],"about":[{"href":"https:\/\/lexsayapi.com\/en\/wp-json\/wp\/v2\/types\/page"}],"author":[{"embeddable":true,"href":"https:\/\/lexsayapi.com\/en\/wp-json\/wp\/v2\/users\/1"}],"replies":[{"embeddable":true,"href":"https:\/\/lexsayapi.com\/en\/wp-json\/wp\/v2\/comments?post=720"}],"version-history":[{"count":1,"href":"https:\/\/lexsayapi.com\/en\/wp-json\/wp\/v2\/pages\/720\/revisions"}],"predecessor-version":[{"id":4693,"href":"https:\/\/lexsayapi.com\/en\/wp-json\/wp\/v2\/pages\/720\/revisions\/4693"}],"wp:attachment":[{"href":"https:\/\/lexsayapi.com\/en\/wp-json\/wp\/v2\/media?parent=720"}],"curies":[{"name":"wp","href":"https:\/\/api.w.org\/{rel}","templated":true}]}}