{"id":648,"date":"2021-01-08T08:46:13","date_gmt":"2021-01-08T08:46:13","guid":{"rendered":"https:\/\/radiustheme.com\/demo\/wordpress\/themes\/artex\/?page_id=648"},"modified":"2021-02-22T12:09:23","modified_gmt":"2021-02-22T12:09:23","slug":"portfolio-carousel","status":"publish","type":"page","link":"https:\/\/lexsayapi.com\/en\/portfolio-carousel\/","title":{"rendered":"Portfolio Carousel"},"content":{"rendered":"<div data-elementor-type=\"wp-page\" data-elementor-id=\"648\" class=\"elementor elementor-648\" data-elementor-settings=\"[]\">\n\t\t\t\t\t\t\t<div class=\"elementor-section-wrap\">\n\t\t\t\t\t\t\t<section class=\"elementor-section elementor-top-section elementor-element elementor-element-a2e98d0 elementor-section-full_width box-layout elementor-section-height-default elementor-section-height-default\" data-id=\"a2e98d0\" data-element_type=\"section\">\n\t\t\t\t\t\t<div class=\"elementor-container elementor-column-gap-no\">\n\t\t\t\t\t<div class=\"elementor-column elementor-col-100 elementor-top-column elementor-element elementor-element-29c5ea6\" data-id=\"29c5ea6\" data-element_type=\"column\">\n\t\t\t<div class=\"elementor-widget-wrap elementor-element-populated\">\n\t\t\t\t\t\t\t\t<div class=\"elementor-element elementor-element-15e7e13 elementor-widget elementor-widget-rt-portfolio\" data-id=\"15e7e13\" data-element_type=\"widget\" data-widget_type=\"rt-portfolio.default\">\n\t\t\t\t<div class=\"elementor-widget-container\">\n\t\t\t<div class=\"project-carousel-wrap\">\n    <div class=\"project-carousel1 carousel-nav\" data-slick='{&quot;slidesToShow&quot;:&quot;3&quot;,&quot;slidesToShowTab&quot;:&quot;2&quot;,&quot;slidesToShowMobile&quot;:&quot;1&quot;,&quot;slidesToShowMobiles&quot;:&quot;1&quot;,&quot;autoplaySpeed&quot;:&quot;2000&quot;,&quot;dots&quot;:false,&quot;arrows&quot;:true,&quot;fade&quot;:false,&quot;autoplay&quot;:false,&quot;rtl&quot;:false}'>\n    \n    <div class=\"project-carousel-box\">\n      <div class=\"item-figure\">\n        <img width=\"540\" height=\"600\" src=\"https:\/\/lexsayapi.com\/wp-content\/uploads\/2022\/09\/lexsa-kis-bahcesi-4-1-540x600.jpg\" class=\"attachment-artex-size-3 size-artex-size-3 wp-post-image\" alt=\"\" decoding=\"async\" loading=\"lazy\" \/>      <\/div>\n      <div class=\"item-content\">\n        <h3 class=\"item-title\"><a href=\"https:\/\/lexsayapi.com\/en\/portfolio\/almanya\/\">Germany<\/a><\/h3>\n        \n                <p>Almanya'da Ger\u00e7ekle\u015ftirdi\u011fimiz Projemiz.<\/p>\n        <a href=\"https:\/\/lexsayapi.com\/en\/portfolio\/almanya\/\" class=\"item-btn btn-text button-light\">Read More<\/a>                \n      <\/div>\n    <\/div>\n\n    \n    <div class=\"project-carousel-box\">\n      <div class=\"item-figure\">\n        <img width=\"540\" height=\"550\" src=\"https:\/\/lexsayapi.com\/wp-content\/uploads\/2021\/02\/lexsa-bagdat-yt-1-540x550.jpg\" class=\"attachment-artex-size-3 size-artex-size-3 wp-post-image\" alt=\"\" decoding=\"async\" loading=\"lazy\" \/>      <\/div>\n      <div class=\"item-content\">\n        <h3 class=\"item-title\"><a href=\"https:\/\/lexsayapi.com\/en\/portfolio\/irak-bagdat\/\">Iraq \/ Baghdad<\/a><\/h3>\n        \n                <p>Our Project in Iraq \/ Baghdad.<\/p>\n        <a href=\"https:\/\/lexsayapi.com\/en\/portfolio\/irak-bagdat\/\" class=\"item-btn btn-text button-light\">Read More<\/a>                \n      <\/div>\n    <\/div>\n\n    \n    <div class=\"project-carousel-box\">\n      <div class=\"item-figure\">\n        <img width=\"540\" height=\"576\" src=\"https:\/\/lexsayapi.com\/wp-content\/uploads\/2021\/02\/lexsayapi-iskenderun-540x576.jpg\" class=\"attachment-artex-size-3 size-artex-size-3 wp-post-image\" alt=\"\" decoding=\"async\" loading=\"lazy\" \/>      <\/div>\n      <div class=\"item-content\">\n        <h3 class=\"item-title\"><a href=\"https:\/\/lexsayapi.com\/en\/portfolio\/turkiye-iskenderun\/\">Turkey \/ Iskenderun<\/a><\/h3>\n        \n                <p>Our Project in Turkey \/ Iskenderun<\/p>\n        <a href=\"https:\/\/lexsayapi.com\/en\/portfolio\/turkiye-iskenderun\/\" class=\"item-btn btn-text button-light\">Read More<\/a>                \n      <\/div>\n    <\/div>\n\n    \n    <div class=\"project-carousel-box\">\n      <div class=\"item-figure\">\n        <img width=\"540\" height=\"600\" src=\"https:\/\/lexsayapi.com\/wp-content\/uploads\/2021\/02\/lexsayapi-dis-cephe-540x600.jpg\" class=\"attachment-artex-size-3 size-artex-size-3 wp-post-image\" alt=\"\" decoding=\"async\" loading=\"lazy\" \/>      <\/div>\n      <div class=\"item-content\">\n        <h3 class=\"item-title\"><a href=\"https:\/\/lexsayapi.com\/en\/portfolio\/istanbul-turkiye\/\">Istanbul \/ Turkey<\/a><\/h3>\n        \n                <p>Our project in Istanbul \/ Turkey.<\/p>\n        <a href=\"https:\/\/lexsayapi.com\/en\/portfolio\/istanbul-turkiye\/\" class=\"item-btn btn-text button-light\">Read More<\/a>                \n      <\/div>\n    <\/div>\n\n     \n  <\/div>\n<\/div>\n\t\t<\/div>\n\t\t\t\t<\/div>\n\t\t\t\t\t<\/div>\n\t\t<\/div>\n\t\t\t\t\t\t\t<\/div>\n\t\t<\/section>\n\t\t\t\t<section class=\"elementor-section elementor-top-section elementor-element elementor-element-153cb00 elementor-section-boxed elementor-section-height-default elementor-section-height-default\" data-id=\"153cb00\" data-element_type=\"section\" data-settings=\"{&quot;background_background&quot;:&quot;classic&quot;}\">\n\t\t\t\t\t\t<div class=\"elementor-container elementor-column-gap-default\">\n\t\t\t\t\t<div class=\"elementor-column elementor-col-100 elementor-top-column elementor-element elementor-element-66c45fa\" data-id=\"66c45fa\" data-element_type=\"column\">\n\t\t\t<div class=\"elementor-widget-wrap elementor-element-populated\">\n\t\t\t\t\t\t\t\t<div class=\"elementor-element elementor-element-4620766 brand-layout1 elementor-widget elementor-widget-image-carousel\" data-id=\"4620766\" data-element_type=\"widget\" data-settings=\"{&quot;slides_to_show&quot;:&quot;6&quot;,&quot;slides_to_show_tablet&quot;:&quot;4&quot;,&quot;navigation&quot;:&quot;none&quot;,&quot;autoplay&quot;:&quot;yes&quot;,&quot;pause_on_hover&quot;:&quot;yes&quot;,&quot;pause_on_interaction&quot;:&quot;yes&quot;,&quot;autoplay_speed&quot;:5000,&quot;infinite&quot;:&quot;yes&quot;,&quot;speed&quot;:500}\" data-widget_type=\"image-carousel.default\">\n\t\t\t\t<div class=\"elementor-widget-container\">\n\t\t\t\t\t<div class=\"elementor-image-carousel-wrapper swiper-container\" dir=\"ltr\">\n\t\t\t<div class=\"elementor-image-carousel swiper-wrapper\">\n\t\t\t\t<div class=\"swiper-slide\"><figure class=\"swiper-slide-inner\"><img decoding=\"async\" class=\"swiper-slide-image\" src=\"\" alt=\"\" \/><\/figure><\/div><div class=\"swiper-slide\"><figure class=\"swiper-slide-inner\"><img decoding=\"async\" class=\"swiper-slide-image\" src=\"\" alt=\"\" \/><\/figure><\/div><div class=\"swiper-slide\"><figure class=\"swiper-slide-inner\"><img decoding=\"async\" class=\"swiper-slide-image\" src=\"\" alt=\"\" \/><\/figure><\/div><div class=\"swiper-slide\"><figure class=\"swiper-slide-inner\"><img decoding=\"async\" class=\"swiper-slide-image\" src=\"\" alt=\"\" \/><\/figure><\/div><div class=\"swiper-slide\"><figure class=\"swiper-slide-inner\"><img decoding=\"async\" class=\"swiper-slide-image\" src=\"\" alt=\"\" \/><\/figure><\/div><div class=\"swiper-slide\"><figure class=\"swiper-slide-inner\"><img decoding=\"async\" class=\"swiper-slide-image\" src=\"\" alt=\"\" \/><\/figure><\/div><div class=\"swiper-slide\"><figure class=\"swiper-slide-inner\"><img decoding=\"async\" class=\"swiper-slide-image\" src=\"\" alt=\"\" \/><\/figure><\/div>\t\t\t<\/div>\n\t\t\t\t\t\t\t\t\t\t\t\t\t\t\t\t<\/div>\n\t\t\t\t<\/div>\n\t\t\t\t<\/div>\n\t\t\t\t\t<\/div>\n\t\t<\/div>\n\t\t\t\t\t\t\t<\/div>\n\t\t<\/section>\n\t\t\t\t\t\t<\/div>\n\t\t\t\t\t<\/div>","protected":false},"excerpt":{"rendered":"<p>Architecture Building Crimea, Russia There are many variations of passages of Lorem Ipsum is the at dum add available but majority have suffered alteration that and more at Read More Exterior Design Labelli, Chele There are many variations of passages of Lorem Ipsum is the at dum add available but majority have suffered alteration that&#8230;<\/p>","protected":false},"author":1,"featured_media":0,"parent":0,"menu_order":0,"comment_status":"closed","ping_status":"closed","template":"templates\/blank.php","meta":{"ngg_post_thumbnail":0},"_links":{"self":[{"href":"https:\/\/lexsayapi.com\/en\/wp-json\/wp\/v2\/pages\/648"}],"collection":[{"href":"https:\/\/lexsayapi.com\/en\/wp-json\/wp\/v2\/pages"}],"about":[{"href":"https:\/\/lexsayapi.com\/en\/wp-json\/wp\/v2\/types\/page"}],"author":[{"embeddable":true,"href":"https:\/\/lexsayapi.com\/en\/wp-json\/wp\/v2\/users\/1"}],"replies":[{"embeddable":true,"href":"https:\/\/lexsayapi.com\/en\/wp-json\/wp\/v2\/comments?post=648"}],"version-history":[{"count":1,"href":"https:\/\/lexsayapi.com\/en\/wp-json\/wp\/v2\/pages\/648\/revisions"}],"predecessor-version":[{"id":4692,"href":"https:\/\/lexsayapi.com\/en\/wp-json\/wp\/v2\/pages\/648\/revisions\/4692"}],"wp:attachment":[{"href":"https:\/\/lexsayapi.com\/en\/wp-json\/wp\/v2\/media?parent=648"}],"curies":[{"name":"wp","href":"https:\/\/api.w.org\/{rel}","templated":true}]}}