{"id":589,"date":"2021-01-08T05:51:18","date_gmt":"2021-01-08T05:51:18","guid":{"rendered":"https:\/\/radiustheme.com\/demo\/wordpress\/themes\/artex\/?page_id=589"},"modified":"2021-01-08T05:51:18","modified_gmt":"2021-01-08T05:51:18","slug":"portfolio-lists","status":"publish","type":"page","link":"https:\/\/lexsayapi.com\/en\/portfolio-lists\/","title":{"rendered":"Portfolio Lists"},"content":{"rendered":"<div data-elementor-type=\"wp-page\" data-elementor-id=\"589\" class=\"elementor elementor-589\" data-elementor-settings=\"[]\">\n\t\t\t\t\t\t\t<div class=\"elementor-section-wrap\">\n\t\t\t\t\t\t\t<section class=\"elementor-section elementor-top-section elementor-element elementor-element-a2e98d0 elementor-section-full_width box-layout elementor-section-height-default elementor-section-height-default\" data-id=\"a2e98d0\" data-element_type=\"section\">\n\t\t\t\t\t\t<div class=\"elementor-container elementor-column-gap-no\">\n\t\t\t\t\t<div class=\"elementor-column elementor-col-100 elementor-top-column elementor-element elementor-element-29c5ea6\" data-id=\"29c5ea6\" data-element_type=\"column\">\n\t\t\t<div class=\"elementor-widget-wrap elementor-element-populated\">\n\t\t\t\t\t\t\t\t<div class=\"elementor-element elementor-element-15e7e13 elementor-widget elementor-widget-rt-portfolio\" data-id=\"15e7e13\" data-element_type=\"widget\" data-widget_type=\"rt-portfolio.default\">\n\t\t\t\t<div class=\"elementor-widget-container\">\n\t\t\t\n<div class=\"row project-inner-wrap-layout1\">\n    <div class=\"row align-items-center\">\n    <div class=\"col-xl-6 col-12   img-position-right\">\n      <div class=\"project-layout1\">\n        <div class=\"item-content\">\n          <div class=\"title-wrap\">\n            <h3 class=\"item-title\">Germany<\/h3>\n                      <\/div>\n          <p class=\"item-paragraph\">Almanya'da Ger\u00e7ekle\u015ftirdi\u011fimiz Projemiz.<\/p>\n          <a href=\"https:\/\/lexsayapi.com\/en\/portfolio\/almanya\/\" class=\"btn-text\">Read More<\/a>\n        <\/div>\n      <\/div>\n    <\/div>\n    <div class=\"col-xl-6 col-12\">\n      <div class=\"project-layout1\">\n        <div class=\"shutter-effect has-animation item-figure figure-right\">\n          <img width=\"800\" height=\"600\" src=\"https:\/\/lexsayapi.com\/wp-content\/uploads\/2022\/09\/lexsa-kis-bahcesi-4-1.jpg\" class=\"attachment-artex-size-4 size-artex-size-4 wp-post-image\" alt=\"\" decoding=\"async\" loading=\"lazy\" srcset=\"https:\/\/lexsayapi.com\/wp-content\/uploads\/2022\/09\/lexsa-kis-bahcesi-4-1.jpg 800w, https:\/\/lexsayapi.com\/wp-content\/uploads\/2022\/09\/lexsa-kis-bahcesi-4-1-300x225.jpg 300w, https:\/\/lexsayapi.com\/wp-content\/uploads\/2022\/09\/lexsa-kis-bahcesi-4-1-768x576.jpg 768w, https:\/\/lexsayapi.com\/wp-content\/uploads\/2022\/09\/lexsa-kis-bahcesi-4-1-16x12.jpg 16w\" sizes=\"(max-width: 800px) 100vw, 800px\" \/>        <\/div>\n      <\/div>\n    <\/div>\n  <\/div>\n    <div class=\"row align-items-center\">\n    <div class=\"col-xl-6 col-12 order-xl-2 img-position-left\">\n      <div class=\"project-layout1\">\n        <div class=\"item-content\">\n          <div class=\"title-wrap\">\n            <h3 class=\"item-title\">Iraq \/ Baghdad<\/h3>\n                      <\/div>\n          <p class=\"item-paragraph\">Our Project in Iraq \/ Baghdad.<\/p>\n          <a href=\"https:\/\/lexsayapi.com\/en\/portfolio\/irak-bagdat\/\" class=\"btn-text\">Read More<\/a>\n        <\/div>\n      <\/div>\n    <\/div>\n    <div class=\"col-xl-6 col-12\">\n      <div class=\"project-layout1\">\n        <div class=\"shutter-effect has-animation item-figure figure-left\">\n          <img width=\"750\" height=\"550\" src=\"https:\/\/lexsayapi.com\/wp-content\/uploads\/2021\/02\/lexsa-bagdat-yt-1.jpg\" class=\"attachment-artex-size-4 size-artex-size-4 wp-post-image\" alt=\"\" decoding=\"async\" loading=\"lazy\" srcset=\"https:\/\/lexsayapi.com\/wp-content\/uploads\/2021\/02\/lexsa-bagdat-yt-1.jpg 750w, https:\/\/lexsayapi.com\/wp-content\/uploads\/2021\/02\/lexsa-bagdat-yt-1-300x220.jpg 300w\" sizes=\"(max-width: 750px) 100vw, 750px\" \/>        <\/div>\n      <\/div>\n    <\/div>\n  <\/div>\n    <div class=\"row align-items-center\">\n    <div class=\"col-xl-6 col-12   img-position-right\">\n      <div class=\"project-layout1\">\n        <div class=\"item-content\">\n          <div class=\"title-wrap\">\n            <h3 class=\"item-title\">Turkey \/ Iskenderun<\/h3>\n                      <\/div>\n          <p class=\"item-paragraph\">Our Project in Turkey \/ Iskenderun<\/p>\n          <a href=\"https:\/\/lexsayapi.com\/en\/portfolio\/turkiye-iskenderun\/\" class=\"btn-text\">Read More<\/a>\n        <\/div>\n      <\/div>\n    <\/div>\n    <div class=\"col-xl-6 col-12\">\n      <div class=\"project-layout1\">\n        <div class=\"shutter-effect has-animation item-figure figure-right\">\n          <img width=\"1024\" height=\"576\" src=\"https:\/\/lexsayapi.com\/wp-content\/uploads\/2021\/02\/lexsayapi-iskenderun.jpg\" class=\"attachment-artex-size-4 size-artex-size-4 wp-post-image\" alt=\"\" decoding=\"async\" loading=\"lazy\" srcset=\"https:\/\/lexsayapi.com\/wp-content\/uploads\/2021\/02\/lexsayapi-iskenderun.jpg 1024w, https:\/\/lexsayapi.com\/wp-content\/uploads\/2021\/02\/lexsayapi-iskenderun-300x169.jpg 300w, https:\/\/lexsayapi.com\/wp-content\/uploads\/2021\/02\/lexsayapi-iskenderun-768x432.jpg 768w\" sizes=\"(max-width: 1024px) 100vw, 1024px\" \/>        <\/div>\n      <\/div>\n    <\/div>\n  <\/div>\n    <div class=\"row align-items-center\">\n    <div class=\"col-xl-6 col-12 order-xl-2 img-position-left\">\n      <div class=\"project-layout1\">\n        <div class=\"item-content\">\n          <div class=\"title-wrap\">\n            <h3 class=\"item-title\">Istanbul \/ Turkey<\/h3>\n                      <\/div>\n          <p class=\"item-paragraph\">Our project in Istanbul \/ Turkey.<\/p>\n          <a href=\"https:\/\/lexsayapi.com\/en\/portfolio\/istanbul-turkiye\/\" class=\"btn-text\">Read More<\/a>\n        <\/div>\n      <\/div>\n    <\/div>\n    <div class=\"col-xl-6 col-12\">\n      <div class=\"project-layout1\">\n        <div class=\"shutter-effect has-animation item-figure figure-left\">\n          <img width=\"1180\" height=\"747\" src=\"https:\/\/lexsayapi.com\/wp-content\/uploads\/2021\/02\/lexsayapi-dis-cephe-1180x747.jpg\" class=\"attachment-artex-size-4 size-artex-size-4 wp-post-image\" alt=\"\" decoding=\"async\" loading=\"lazy\" \/>        <\/div>\n      <\/div>\n    <\/div>\n  <\/div>\n   \n<\/div>\n\n\t\t<\/div>\n\t\t\t\t<\/div>\n\t\t\t\t\t<\/div>\n\t\t<\/div>\n\t\t\t\t\t\t\t<\/div>\n\t\t<\/section>\n\t\t\t\t\t\t<\/div>\n\t\t\t\t\t<\/div>","protected":false},"excerpt":{"rendered":"<p>Architecture Building Crimea, Russia There are many variations of passages of Lorem Ipsum is the at dum add available but majority have suffered alteration that and more at the the some form by injected humour randomised that words which don&#8217;t look even slightly believable. If you are Lorem Ipsum more that are embarrassing. Read More&#8230;<\/p>","protected":false},"author":1,"featured_media":0,"parent":0,"menu_order":0,"comment_status":"closed","ping_status":"closed","template":"templates\/blank.php","meta":{"ngg_post_thumbnail":0},"_links":{"self":[{"href":"https:\/\/lexsayapi.com\/en\/wp-json\/wp\/v2\/pages\/589"}],"collection":[{"href":"https:\/\/lexsayapi.com\/en\/wp-json\/wp\/v2\/pages"}],"about":[{"href":"https:\/\/lexsayapi.com\/en\/wp-json\/wp\/v2\/types\/page"}],"author":[{"embeddable":true,"href":"https:\/\/lexsayapi.com\/en\/wp-json\/wp\/v2\/users\/1"}],"replies":[{"embeddable":true,"href":"https:\/\/lexsayapi.com\/en\/wp-json\/wp\/v2\/comments?post=589"}],"version-history":[{"count":0,"href":"https:\/\/lexsayapi.com\/en\/wp-json\/wp\/v2\/pages\/589\/revisions"}],"wp:attachment":[{"href":"https:\/\/lexsayapi.com\/en\/wp-json\/wp\/v2\/media?parent=589"}],"curies":[{"name":"wp","href":"https:\/\/api.w.org\/{rel}","templated":true}]}}