{"id":3361,"date":"2021-01-21T05:42:55","date_gmt":"2021-01-21T05:42:55","guid":{"rendered":"https:\/\/radiustheme.com\/demo\/wordpress\/themes\/artex\/?page_id=3361"},"modified":"2022-09-23T12:27:28","modified_gmt":"2022-09-23T12:27:28","slug":"iletisim","status":"publish","type":"page","link":"https:\/\/lexsayapi.com\/en\/iletisim\/","title":{"rendered":"Contact"},"content":{"rendered":"<div data-elementor-type=\"wp-page\" data-elementor-id=\"3361\" class=\"elementor elementor-3361\" data-elementor-settings=\"[]\">\n\t\t\t\t\t\t\t<div class=\"elementor-section-wrap\">\n\t\t\t\t\t\t\t<section class=\"elementor-section elementor-top-section elementor-element elementor-element-66ff871 elementor-section-boxed elementor-section-height-default elementor-section-height-default\" data-id=\"66ff871\" data-element_type=\"section\">\n\t\t\t\t\t\t<div class=\"elementor-container elementor-column-gap-default\">\n\t\t\t\t\t<div class=\"elementor-column elementor-col-100 elementor-top-column elementor-element elementor-element-4c63880\" data-id=\"4c63880\" data-element_type=\"column\">\n\t\t\t<div class=\"elementor-widget-wrap elementor-element-populated\">\n\t\t\t\t\t\t\t\t<div class=\"elementor-element elementor-element-eb45678 elementor-widget elementor-widget-google_maps\" data-id=\"eb45678\" data-element_type=\"widget\" data-widget_type=\"google_maps.default\">\n\t\t\t\t<div class=\"elementor-widget-container\">\n\t\t\t<div class=\"elementor-custom-embed\"><iframe frameborder=\"0\" scrolling=\"no\" marginheight=\"0\" marginwidth=\"0\" src=\"https:\/\/maps.google.com\/maps?q=Yakuplu%20Mahallesi%2C%2065.%20Sokak%20No%3A35%2C%2034524%20Beylikd%C3%BCz%C3%BC%20Osb%2FBeylikd%C3%BCz%C3%BC%2F%C4%B0stanbul&amp;t=m&amp;z=12&amp;output=embed&amp;iwloc=near\" title=\"Yakuplu Mahallesi, 65. Sokak No:35, 34524 Beylikd\u00fcz\u00fc Osb\/Beylikd\u00fcz\u00fc\/\u0130stanbul\" aria-label=\"Yakuplu Mahallesi, 65. Sokak No:35, 34524 Beylikd\u00fcz\u00fc Osb\/Beylikd\u00fcz\u00fc\/\u0130stanbul\"><\/iframe><\/div>\t\t<\/div>\n\t\t\t\t<\/div>\n\t\t\t\t\t<\/div>\n\t\t<\/div>\n\t\t\t\t\t\t\t<\/div>\n\t\t<\/section>\n\t\t\t\t<section class=\"elementor-section elementor-top-section elementor-element elementor-element-6c786a2 elementor-section-boxed elementor-section-height-default elementor-section-height-default\" data-id=\"6c786a2\" data-element_type=\"section\">\n\t\t\t\t\t\t<div class=\"elementor-container elementor-column-gap-default\">\n\t\t\t\t\t<div class=\"elementor-column elementor-col-100 elementor-top-column elementor-element elementor-element-349e3a4\" data-id=\"349e3a4\" data-element_type=\"column\">\n\t\t\t<div class=\"elementor-widget-wrap elementor-element-populated\">\n\t\t\t\t\t\t\t\t<section class=\"elementor-section elementor-inner-section elementor-element elementor-element-49e53c2 elementor-section-boxed elementor-section-height-default elementor-section-height-default\" data-id=\"49e53c2\" data-element_type=\"section\">\n\t\t\t\t\t\t<div class=\"elementor-container elementor-column-gap-default\">\n\t\t\t\t\t<div class=\"elementor-column elementor-col-50 elementor-inner-column elementor-element elementor-element-9162725\" data-id=\"9162725\" data-element_type=\"column\">\n\t\t\t<div class=\"elementor-widget-wrap elementor-element-populated\">\n\t\t\t\t\t\t\t\t<div class=\"elementor-element elementor-element-da35f0f elementor-widget elementor-widget-rt-animated-image\" data-id=\"da35f0f\" data-element_type=\"widget\" data-widget_type=\"rt-animated-image.default\">\n\t\t\t\t<div class=\"elementor-widget-container\">\n\t\t\t\n<div class=\"shutter-effect has-animation item-figure figure-left\">       \n    <img decoding=\"async\" src=\"https:\/\/lexsayapi.com\/wp-content\/uploads\/2021\/03\/lexsayapi-iletisim-resmi.jpg\" alt=\"Animated Image\">\n<\/div>\n\t\t<\/div>\n\t\t\t\t<\/div>\n\t\t\t\t\t<\/div>\n\t\t<\/div>\n\t\t\t\t<div class=\"elementor-column elementor-col-50 elementor-inner-column elementor-element elementor-element-f1f7491 align-items-center\" data-id=\"f1f7491\" data-element_type=\"column\">\n\t\t\t<div class=\"elementor-widget-wrap elementor-element-populated\">\n\t\t\t\t\t\t\t\t<div class=\"elementor-element elementor-element-f6ea902 elementor-widget elementor-widget-rt-contact-box\" data-id=\"f6ea902\" data-element_type=\"widget\" data-widget_type=\"rt-contact-box.default\">\n\t\t\t\t<div class=\"elementor-widget-container\">\n\t\t\t<div class=\"contact-box-item\">\n        <h3 class=\"item-title\">Our Adress<\/h3>\n        <p class=\"item-paragraph\">\n                    Yakuplu Mahallesi, 65.Sokak, No:35 K:1 D:3\nBeylikd\u00fcz\u00fc - \u0130STANBUL    <\/p>\n<\/div>\t\t<\/div>\n\t\t\t\t<\/div>\n\t\t\t\t<div class=\"elementor-element elementor-element-1bea0cf elementor-widget elementor-widget-rt-contact-box\" data-id=\"1bea0cf\" data-element_type=\"widget\" data-widget_type=\"rt-contact-box.default\">\n\t\t\t\t<div class=\"elementor-widget-container\">\n\t\t\t<div class=\"contact-box-item\">\n        <p class=\"item-paragraph\">\n                    You can visit us at our office and get more detailed information.\n    <\/p>\n<\/div>\t\t<\/div>\n\t\t\t\t<\/div>\n\t\t\t\t<div class=\"elementor-element elementor-element-2ed12f9 elementor-widget elementor-widget-rt-contact-box\" data-id=\"2ed12f9\" data-element_type=\"widget\" data-widget_type=\"rt-contact-box.default\">\n\t\t\t\t<div class=\"elementor-widget-container\">\n\t\t\t<div class=\"contact-box-item\">\n        <p class=\"item-paragraph\">\n                                    <i class=\"fas fa-phone-volume\"><\/i>\n                <a href=\"tel:+905322322018\">+90 532 232 20 18<\/a>    <\/p>\n<\/div>\t\t<\/div>\n\t\t\t\t<\/div>\n\t\t\t\t<div class=\"elementor-element elementor-element-37349ba elementor-widget elementor-widget-rt-contact-box\" data-id=\"37349ba\" data-element_type=\"widget\" data-widget_type=\"rt-contact-box.default\">\n\t\t\t\t<div class=\"elementor-widget-container\">\n\t\t\t<div class=\"contact-box-item\">\n        <p class=\"item-paragraph\">\n                                    <i class=\"fas fa-phone-volume\"><\/i>\n                <a href=\"tel:+902128755515\">+90 212 875 55 15<\/a>    <\/p>\n<\/div>\t\t<\/div>\n\t\t\t\t<\/div>\n\t\t\t\t<div class=\"elementor-element elementor-element-8001bd2 elementor-widget elementor-widget-rt-contact-box\" data-id=\"8001bd2\" data-element_type=\"widget\" data-widget_type=\"rt-contact-box.default\">\n\t\t\t\t<div class=\"elementor-widget-container\">\n\t\t\t<div class=\"contact-box-item\">\n        <p class=\"item-paragraph\">\n                    Email: <a href=\"mailto:info@lexsayapi.com\">info@lexsayapi.com<\/a>    <\/p>\n<\/div>\t\t<\/div>\n\t\t\t\t<\/div>\n\t\t\t\t\t<\/div>\n\t\t<\/div>\n\t\t\t\t\t\t\t<\/div>\n\t\t<\/section>\n\t\t\t\t\t<\/div>\n\t\t<\/div>\n\t\t\t\t\t\t\t<\/div>\n\t\t<\/section>\n\t\t\t\t<section class=\"elementor-section elementor-top-section elementor-element elementor-element-f06db9b elementor-section-boxed elementor-section-height-default elementor-section-height-default\" data-id=\"f06db9b\" data-element_type=\"section\">\n\t\t\t\t\t\t<div class=\"elementor-container elementor-column-gap-default\">\n\t\t\t\t\t<div class=\"elementor-column elementor-col-100 elementor-top-column elementor-element elementor-element-f6b803d\" data-id=\"f6b803d\" data-element_type=\"column\">\n\t\t\t<div class=\"elementor-widget-wrap elementor-element-populated\">\n\t\t\t\t\t\t\t\t<div class=\"elementor-element elementor-element-3a48307 elementor-widget elementor-widget-rt-title\" data-id=\"3a48307\" data-element_type=\"widget\" data-widget_type=\"rt-title.default\">\n\t\t\t\t<div class=\"elementor-widget-container\">\n\t\t\t\n<div class=\"section-heading\">\n\t<h3  class=\"section-title align-center\">Contact Us<\/h3><\/div>\t\t<\/div>\n\t\t\t\t<\/div>\n\t\t\t\t<div class=\"elementor-element elementor-element-445335f elementor-widget elementor-widget-shortcode\" data-id=\"445335f\" data-element_type=\"widget\" data-widget_type=\"shortcode.default\">\n\t\t\t\t<div class=\"elementor-widget-container\">\n\t\t\t\t\t<div class=\"elementor-shortcode\"><div role=\"form\" class=\"wpcf7\" id=\"wpcf7-f3476-o1\" lang=\"en-US\" dir=\"ltr\">\n<div class=\"screen-reader-response\"><p role=\"status\" aria-live=\"polite\" aria-atomic=\"true\"><\/p> <ul><\/ul><\/div>\n<form action=\"\/en\/wp-json\/wp\/v2\/pages\/3361#wpcf7-f3476-o1\" method=\"post\" class=\"wpcf7-form init mailchimp-ext-0.5.72\" novalidate=\"novalidate\" data-status=\"init\" data-trp-original-action=\"\/en\/wp-json\/wp\/v2\/pages\/3361#wpcf7-f3476-o1\">\n<div style=\"display: none;\">\n<input type=\"hidden\" name=\"_wpcf7\" value=\"3476\" \/>\n<input type=\"hidden\" name=\"_wpcf7_version\" value=\"5.3.2\" \/>\n<input type=\"hidden\" name=\"_wpcf7_locale\" value=\"en_US\" \/>\n<input type=\"hidden\" name=\"_wpcf7_unit_tag\" value=\"wpcf7-f3476-o1\" \/>\n<input type=\"hidden\" name=\"_wpcf7_container_post\" value=\"0\" \/>\n<input type=\"hidden\" name=\"_wpcf7_posted_data_hash\" value=\"\" \/>\n<\/div>\n<div class=\"form-area-layout2\">\n<div class=\"row\">\n<div class=\"col-lg-6 form-group\">\n<span class=\"wpcf7-form-control-wrap your-name\"><input type=\"text\" name=\"your-name\" value=\"\" size=\"40\" class=\"wpcf7-form-control wpcf7-text wpcf7-validates-as-required form-control\" aria-required=\"true\" aria-invalid=\"false\" placeholder=\"Name\" \/><\/span><\/div>\n<div class=\"col-lg-6 form-group\">\n<span class=\"wpcf7-form-control-wrap your-surname\"><input type=\"text\" name=\"your-surname\" value=\"\" size=\"40\" class=\"wpcf7-form-control wpcf7-text wpcf7-validates-as-required form-control\" aria-required=\"true\" aria-invalid=\"false\" placeholder=\"Surname\" \/><\/span><\/div>\n<div class=\"col-lg-6 form-group\">\n<span class=\"wpcf7-form-control-wrap your-email\"><input type=\"email\" name=\"your-email\" value=\"\" size=\"40\" class=\"wpcf7-form-control wpcf7-text wpcf7-email wpcf7-validates-as-required wpcf7-validates-as-email form-control\" aria-required=\"true\" aria-invalid=\"false\" placeholder=\"E-Mail\" \/><\/span><\/div>\n<div class=\"col-lg-6 form-group\">\n<span class=\"wpcf7-form-control-wrap your-phone\"><input type=\"text\" name=\"your-phone\" value=\"\" size=\"40\" class=\"wpcf7-form-control wpcf7-text wpcf7-validates-as-required form-control\" aria-required=\"true\" aria-invalid=\"false\" placeholder=\"Phone\" \/><\/span><\/div>\n<div class=\"col-12 form-group\">\n<span class=\"wpcf7-form-control-wrap your-message\"><textarea name=\"your-message\" cols=\"40\" rows=\"6\" class=\"wpcf7-form-control wpcf7-textarea wpcf7-validates-as-required form-control\" aria-required=\"true\" aria-invalid=\"false\" placeholder=\"Write Your Message ...\"><\/textarea><\/span><\/div>\n<div class=\"col-12 form-group mb-0\">\n<button type=\"submit\" class=\"btn-fill2 disabled\"><span class=\"top-left\"><\/span><span class=\"bottom-right\"><\/span>Send<\/button><\/div>\n<\/div>\n<\/div>\n<div class=\"wpcf7-response-output\" aria-hidden=\"true\"><\/div><p style=\"display: none !important\"><span class=\"wpcf7-form-control-wrap referer-page\"><input type=\"hidden\" name=\"referer-page\" value=\"http:\/\/Direct%20Visit\" data-value=\"http:\/\/Direct%20Visit\" class=\"wpcf7-form-control wpcf7-text referer-page\" aria-invalid=\"false\"><\/span><\/p>\n<!-- Chimpmatic extension by Renzo Johnson --><input type=\"hidden\" name=\"trp-form-language\" value=\"en\"\/><\/form><\/div><\/div>\n\t\t\t\t<\/div>\n\t\t\t\t<\/div>\n\t\t\t\t\t<\/div>\n\t\t<\/div>\n\t\t\t\t\t\t\t<\/div>\n\t\t<\/section>\n\t\t\t\t\t\t<\/div>\n\t\t\t\t\t<\/div>","protected":false},"excerpt":{"rendered":"<p>Adresimiz Yakuplu Mahallesi, 65.Sokak, No:35 K:1 D:3 Beylikd\u00fcz\u00fc &#8211; \u0130STANBUL Ofisimizde bizi ziyaret edebilir, daha detayl\u0131 bilgi alabilirsiniz. +90 532 232 20 18 +90 212 875 55 15 Email: info@lexsayapi.com Bizimle \u0130leti\u015fime Ge\u00e7in<\/p>","protected":false},"author":1,"featured_media":0,"parent":0,"menu_order":0,"comment_status":"closed","ping_status":"closed","template":"templates\/blank.php","meta":{"ngg_post_thumbnail":0},"_links":{"self":[{"href":"https:\/\/lexsayapi.com\/en\/wp-json\/wp\/v2\/pages\/3361"}],"collection":[{"href":"https:\/\/lexsayapi.com\/en\/wp-json\/wp\/v2\/pages"}],"about":[{"href":"https:\/\/lexsayapi.com\/en\/wp-json\/wp\/v2\/types\/page"}],"author":[{"embeddable":true,"href":"https:\/\/lexsayapi.com\/en\/wp-json\/wp\/v2\/users\/1"}],"replies":[{"embeddable":true,"href":"https:\/\/lexsayapi.com\/en\/wp-json\/wp\/v2\/comments?post=3361"}],"version-history":[{"count":21,"href":"https:\/\/lexsayapi.com\/en\/wp-json\/wp\/v2\/pages\/3361\/revisions"}],"predecessor-version":[{"id":5504,"href":"https:\/\/lexsayapi.com\/en\/wp-json\/wp\/v2\/pages\/3361\/revisions\/5504"}],"wp:attachment":[{"href":"https:\/\/lexsayapi.com\/en\/wp-json\/wp\/v2\/media?parent=3361"}],"curies":[{"name":"wp","href":"https:\/\/api.w.org\/{rel}","templated":true}]}}