{"id":3055,"date":"2021-01-20T07:39:49","date_gmt":"2021-01-20T07:39:49","guid":{"rendered":"https:\/\/radiustheme.com\/demo\/wordpress\/themes\/artex\/?page_id=3055"},"modified":"2021-02-25T11:56:16","modified_gmt":"2021-02-25T11:56:16","slug":"hakkimizda","status":"publish","type":"page","link":"https:\/\/lexsayapi.com\/en\/hakkimizda\/","title":{"rendered":"About Us"},"content":{"rendered":"<div data-elementor-type=\"wp-page\" data-elementor-id=\"3055\" class=\"elementor elementor-3055\" data-elementor-settings=\"[]\">\n\t\t\t\t\t\t\t<div class=\"elementor-section-wrap\">\n\t\t\t\t\t\t\t<section class=\"elementor-section elementor-top-section elementor-element elementor-element-e7fa1b0 elementor-section-boxed elementor-section-height-default elementor-section-height-default\" data-id=\"e7fa1b0\" data-element_type=\"section\">\n\t\t\t\t\t\t<div class=\"elementor-container elementor-column-gap-default\">\n\t\t\t\t\t<div class=\"elementor-column elementor-col-100 elementor-top-column elementor-element elementor-element-d3a5899\" data-id=\"d3a5899\" data-element_type=\"column\">\n\t\t\t<div class=\"elementor-widget-wrap elementor-element-populated\">\n\t\t\t\t\t\t\t\t<div class=\"elementor-element elementor-element-7eff629 elementor-widget elementor-widget-rt-title\" data-id=\"7eff629\" data-element_type=\"widget\" data-widget_type=\"rt-title.default\">\n\t\t\t\t<div class=\"elementor-widget-container\">\n\t\t\t\n<div class=\"section-heading heading-layout4\">\n\t<h2  class=\"section-title\">About Us<\/h2><\/div>\t\t<\/div>\n\t\t\t\t<\/div>\n\t\t\t\t\t<\/div>\n\t\t<\/div>\n\t\t\t\t\t\t\t<\/div>\n\t\t<\/section>\n\t\t\t\t<section class=\"elementor-section elementor-top-section elementor-element elementor-element-9cd21b7 elementor-section-full_width compress-left-side about-us-page pr-0 mr-30 elementor-section-height-default elementor-section-height-default\" data-id=\"9cd21b7\" data-element_type=\"section\">\n\t\t\t\t\t\t<div class=\"elementor-container elementor-column-gap-no\">\n\t\t\t\t\t<div class=\"elementor-column elementor-col-100 elementor-top-column elementor-element elementor-element-747238e\" data-id=\"747238e\" data-element_type=\"column\">\n\t\t\t<div class=\"elementor-widget-wrap elementor-element-populated\">\n\t\t\t\t\t\t\t\t<div class=\"elementor-element elementor-element-4744534 elementor-widget elementor-widget-rt-animated-image\" data-id=\"4744534\" data-element_type=\"widget\" data-widget_type=\"rt-animated-image.default\">\n\t\t\t\t<div class=\"elementor-widget-container\">\n\t\t\t\n<div class=\"shutter-effect has-animation item-figure figure-right\">       \n    <img decoding=\"async\" src=\"https:\/\/lexsayapi.com\/wp-content\/uploads\/2021\/02\/lexsa-hakkimizda.jpg\" alt=\"Animated Image\">\n<\/div>\n\t\t<\/div>\n\t\t\t\t<\/div>\n\t\t\t\t\t<\/div>\n\t\t<\/div>\n\t\t\t\t\t\t\t<\/div>\n\t\t<\/section>\n\t\t\t\t<section class=\"elementor-section elementor-top-section elementor-element elementor-element-94b1225 elementor-section-boxed elementor-section-height-default elementor-section-height-default\" data-id=\"94b1225\" data-element_type=\"section\">\n\t\t\t\t\t\t<div class=\"elementor-container elementor-column-gap-default\">\n\t\t\t\t\t<div class=\"elementor-column elementor-col-50 elementor-top-column elementor-element elementor-element-0b430cd\" data-id=\"0b430cd\" data-element_type=\"column\">\n\t\t\t<div class=\"elementor-widget-wrap elementor-element-populated\">\n\t\t\t\t\t\t\t\t<div class=\"elementor-element elementor-element-ce566c3 elementor-widget elementor-widget-rt-counter\" data-id=\"ce566c3\" data-element_type=\"widget\" data-widget_type=\"rt-counter.default\">\n\t\t\t\t<div class=\"elementor-widget-container\">\n\t\t\t\n<div class=\"progress-layout1 counter-common\">\n\t<div class=\"slogan-text\"><b class=\"cn counter\" data-num=\"27\">27<\/b><span class=\"ct\">Years of Experience<\/span><\/div>\n<\/div>\t\t<\/div>\n\t\t\t\t<\/div>\n\t\t\t\t\t<\/div>\n\t\t<\/div>\n\t\t\t\t<div class=\"elementor-column elementor-col-50 elementor-top-column elementor-element elementor-element-45f1e1b\" data-id=\"45f1e1b\" data-element_type=\"column\">\n\t\t\t<div class=\"elementor-widget-wrap elementor-element-populated\">\n\t\t\t\t\t\t\t\t<div class=\"elementor-element elementor-element-a0d193d elementor-widget elementor-widget-text-editor\" data-id=\"a0d193d\" data-element_type=\"widget\" data-widget_type=\"text-editor.default\">\n\t\t\t\t<div class=\"elementor-widget-container\">\n\t\t\t\t\t<div class=\"elementor-text-editor elementor-clearfix\"><p class=\"MsoNormal\">LEXSA YAPI A.\u015e., which performs project, manufacturing and assembly services with modern technology.<\/p><p>It started its activities at the end of 2018, and before becoming a corporate company, it has gained a corporate structure with its nearly 27 years of experience and its ever-expanding vision and increasing positive workforce. Aluminum curtain wall systems are a special area that adds value to living spaces rather than a standard construction application and requires aesthetic, out-of-line architectural solutions, application techniques and precision.<\/p><p>The reliability, functionality of the main and intermediate elements used in this field and the business understanding based on advanced quality principles is the number one reason for preference. LEXSA YAPI A.\u015e provides technical and logistical professional support to all projects, starting from the planning and design phase.<\/p><p>In line with your life preferences, it offers you the most suitable and economical solutions while transforming your projects into reality with color and product catalogs, design principles, reliable and useful material selection, technical equipment and individual consultancy service. In order to bring modern solutions to modern buildings; We are proud of being in the service of the building sector for nearly 27 years with our qualified technical staff and manufacturing and assembly staff with CNC production line.<\/p><\/div>\n\t\t\t\t<\/div>\n\t\t\t\t<\/div>\n\t\t\t\t\t<\/div>\n\t\t<\/div>\n\t\t\t\t\t\t\t<\/div>\n\t\t<\/section>\n\t\t\t\t<section class=\"elementor-section elementor-top-section elementor-element elementor-element-a65553c elementor-section-boxed elementor-section-height-default elementor-section-height-default\" data-id=\"a65553c\" data-element_type=\"section\">\n\t\t\t\t\t\t<div class=\"elementor-container elementor-column-gap-default\">\n\t\t\t\t\t<div class=\"elementor-column elementor-col-100 elementor-top-column elementor-element elementor-element-aeb8253\" data-id=\"aeb8253\" data-element_type=\"column\">\n\t\t\t<div class=\"elementor-widget-wrap elementor-element-populated\">\n\t\t\t\t\t\t\t\t<div class=\"elementor-element elementor-element-ec9a9bc elementor-widget elementor-widget-rt-title\" data-id=\"ec9a9bc\" data-element_type=\"widget\" data-widget_type=\"rt-title.default\">\n\t\t\t\t<div class=\"elementor-widget-container\">\n\t\t\t\n<div class=\"section-heading\">\n\t<h2  class=\"section-title align-center\">Our Features<\/h2><\/div>\t\t<\/div>\n\t\t\t\t<\/div>\n\t\t\t\t<section class=\"elementor-section elementor-inner-section elementor-element elementor-element-761ede6 elementor-section-boxed elementor-section-height-default elementor-section-height-default\" data-id=\"761ede6\" data-element_type=\"section\">\n\t\t\t\t\t\t<div class=\"elementor-container elementor-column-gap-default\">\n\t\t\t\t\t<div class=\"elementor-column elementor-col-25 elementor-inner-column elementor-element elementor-element-52b83db\" data-id=\"52b83db\" data-element_type=\"column\">\n\t\t\t<div class=\"elementor-widget-wrap elementor-element-populated\">\n\t\t\t\t\t\t\t\t<div class=\"elementor-element elementor-element-2450028 elementor-widget elementor-widget-rt-info-box\" data-id=\"2450028\" data-element_type=\"widget\" data-widget_type=\"rt-info-box.default\">\n\t\t\t\t<div class=\"elementor-widget-container\">\n\t\t\t\n<div class=\"process-layout1 common-info\">\n\t<div class=\"item-icon\">\n\t\t\t\t<div class=\"item-numbering item-number\">1<\/div>\n\t\t\t\t\t<i class=\"fas fa-star\"><\/i>\n\t\t\t<\/div>\n\t    <h3 class=\"item-title\">Experience<\/h3>\n        <p>With nearly 27 years of experience, its ever-expanding vision, and its increasing positive workforce, it has attained a corporate structure.<\/p>\n    <\/div>\t\t<\/div>\n\t\t\t\t<\/div>\n\t\t\t\t\t<\/div>\n\t\t<\/div>\n\t\t\t\t<div class=\"elementor-column elementor-col-25 elementor-inner-column elementor-element elementor-element-0602ece\" data-id=\"0602ece\" data-element_type=\"column\">\n\t\t\t<div class=\"elementor-widget-wrap elementor-element-populated\">\n\t\t\t\t\t\t\t\t<div class=\"elementor-element elementor-element-019bb5f elementor-widget elementor-widget-rt-info-box\" data-id=\"019bb5f\" data-element_type=\"widget\" data-widget_type=\"rt-info-box.default\">\n\t\t\t\t<div class=\"elementor-widget-container\">\n\t\t\t\n<div class=\"process-layout1 common-info dashed-line\">\n\t<div class=\"item-icon\">\n\t\t\t\t<div class=\"item-numbering item-number\">2<\/div>\n\t\t\t\t\t<i class=\"fas fa-medal\"><\/i>\n\t\t\t<\/div>\n\t    <h3 class=\"item-title\">Quality<\/h3>\n        <p>The reliability, functionality of the main and intermediate elements used in this field and business understanding based on advanced quality principles are the number one preference reasons. <\/p>\n    <\/div>\t\t<\/div>\n\t\t\t\t<\/div>\n\t\t\t\t\t<\/div>\n\t\t<\/div>\n\t\t\t\t<div class=\"elementor-column elementor-col-25 elementor-inner-column elementor-element elementor-element-8994842\" data-id=\"8994842\" data-element_type=\"column\">\n\t\t\t<div class=\"elementor-widget-wrap elementor-element-populated\">\n\t\t\t\t\t\t\t\t<div class=\"elementor-element elementor-element-ff21520 elementor-widget elementor-widget-rt-info-box\" data-id=\"ff21520\" data-element_type=\"widget\" data-widget_type=\"rt-info-box.default\">\n\t\t\t\t<div class=\"elementor-widget-container\">\n\t\t\t\n<div class=\"process-layout1 common-info dashed-line\">\n\t<div class=\"item-icon\">\n\t\t\t\t<div class=\"item-numbering item-number\">3<\/div>\n\t\t\t\t\t<i class=\"fas fa-city\"><\/i>\n\t\t\t<\/div>\n\t    <h3 class=\"item-title\">Durability<\/h3>\n        <p>We realize project, manufacturing and assembly services with modern technology.\n\n<\/p>\n    <\/div>\t\t<\/div>\n\t\t\t\t<\/div>\n\t\t\t\t\t<\/div>\n\t\t<\/div>\n\t\t\t\t<div class=\"elementor-column elementor-col-25 elementor-inner-column elementor-element elementor-element-bd4e6d7\" data-id=\"bd4e6d7\" data-element_type=\"column\">\n\t\t\t<div class=\"elementor-widget-wrap elementor-element-populated\">\n\t\t\t\t\t\t\t\t<div class=\"elementor-element elementor-element-36ce7b1 elementor-widget elementor-widget-rt-info-box\" data-id=\"36ce7b1\" data-element_type=\"widget\" data-widget_type=\"rt-info-box.default\">\n\t\t\t\t<div class=\"elementor-widget-container\">\n\t\t\t\n<div class=\"process-layout1 common-info dashed-line\">\n\t<div class=\"item-icon\">\n\t\t\t\t<div class=\"item-numbering item-number\">4<\/div>\n\t\t\t\t\t<i class=\"far fa-building\"><\/i>\n\t\t\t<\/div>\n\t    <h3 class=\"item-title\">Naturalness<\/h3>\n        <p>With our perfect structure and materials, your building will have a special appearance.<\/p>\n    <\/div>\t\t<\/div>\n\t\t\t\t<\/div>\n\t\t\t\t\t<\/div>\n\t\t<\/div>\n\t\t\t\t\t\t\t<\/div>\n\t\t<\/section>\n\t\t\t\t\t<\/div>\n\t\t<\/div>\n\t\t\t\t\t\t\t<\/div>\n\t\t<\/section>\n\t\t\t\t<section class=\"elementor-section elementor-top-section elementor-element elementor-element-9a349f5 elementor-section-boxed elementor-section-height-default elementor-section-height-default\" data-id=\"9a349f5\" data-element_type=\"section\" data-settings=\"{&quot;background_background&quot;:&quot;classic&quot;}\">\n\t\t\t\t\t\t<div class=\"elementor-container elementor-column-gap-default\">\n\t\t\t\t\t<div class=\"elementor-column elementor-col-100 elementor-top-column elementor-element elementor-element-b54e5b3\" data-id=\"b54e5b3\" data-element_type=\"column\">\n\t\t\t<div class=\"elementor-widget-wrap elementor-element-populated\">\n\t\t\t\t\t\t\t\t<div class=\"elementor-element elementor-element-fd1b59a brand-layout1 elementor-widget elementor-widget-image-carousel\" data-id=\"fd1b59a\" data-element_type=\"widget\" data-settings=\"{&quot;slides_to_show&quot;:&quot;4&quot;,&quot;slides_to_show_tablet&quot;:&quot;4&quot;,&quot;navigation&quot;:&quot;none&quot;,&quot;slides_to_show_mobile&quot;:&quot;2&quot;,&quot;autoplay&quot;:&quot;yes&quot;,&quot;pause_on_hover&quot;:&quot;yes&quot;,&quot;pause_on_interaction&quot;:&quot;yes&quot;,&quot;autoplay_speed&quot;:5000,&quot;infinite&quot;:&quot;yes&quot;,&quot;speed&quot;:500}\" data-widget_type=\"image-carousel.default\">\n\t\t\t\t<div class=\"elementor-widget-container\">\n\t\t\t\t\t<div class=\"elementor-image-carousel-wrapper swiper-container\" dir=\"ltr\">\n\t\t\t<div class=\"elementor-image-carousel swiper-wrapper\">\n\t\t\t\t<div class=\"swiper-slide\"><figure class=\"swiper-slide-inner\"><img decoding=\"async\" class=\"swiper-slide-image\" src=\"https:\/\/lexsayapi.com\/wp-content\/uploads\/2021\/02\/logo-1.png\" alt=\"logo (1)\" \/><\/figure><\/div><div class=\"swiper-slide\"><figure class=\"swiper-slide-inner\"><img decoding=\"async\" class=\"swiper-slide-image\" src=\"https:\/\/lexsayapi.com\/wp-content\/uploads\/2021\/02\/saray-logo-218x45-1.png\" alt=\"saray-logo-218x45\" \/><\/figure><\/div><div class=\"swiper-slide\"><figure class=\"swiper-slide-inner\"><img decoding=\"async\" class=\"swiper-slide-image\" src=\"https:\/\/lexsayapi.com\/wp-content\/uploads\/2021\/02\/pimapen-logo-6948DBF429-seeklogo.com_.png\" alt=\"pimapen-logo-6948DBF429-seeklogo.com\" \/><\/figure><\/div><div class=\"swiper-slide\"><figure class=\"swiper-slide-inner\"><img decoding=\"async\" class=\"swiper-slide-image\" src=\"https:\/\/lexsayapi.com\/wp-content\/uploads\/2021\/02\/sistem-ai-logo-2.png\" alt=\"sistem-ai-logo\" \/><\/figure><\/div>\t\t\t<\/div>\n\t\t\t\t\t\t\t\t\t\t\t\t\t\t\t\t<\/div>\n\t\t\t\t<\/div>\n\t\t\t\t<\/div>\n\t\t\t\t\t<\/div>\n\t\t<\/div>\n\t\t\t\t\t\t\t<\/div>\n\t\t<\/section>\n\t\t\t\t\t\t<\/div>\n\t\t\t\t\t<\/div>","protected":false},"excerpt":{"rendered":"<p>Hakk\u0131m\u0131zda 27Y\u0131ll\u0131k Tecr\u00fcbe Modern teknoloji ile proje, imalat ve montaj hizmetlerini ger\u00e7ekle\u015ftiren LEXSA YAPI A.\u015e Faaliyetlerine 2018 y\u0131l\u0131 sonunda ba\u015flam\u0131\u015f olup, Kurumsal bir \u015firket olmadan \u00f6nce 27 y\u0131la yak\u0131n tecr\u00fcbesi ve her ge\u00e7en g\u00fcn geni\u015fleyen vizyonu, artan pozitif i\u015f g\u00fcc\u00fc ile kurum yap\u0131s\u0131na kavu\u015fmu\u015ftur. Al\u00fcminyum giydirme cephe sistemleri, standart bir in\u015faat uygulamas\u0131ndan \u00e7ok ya\u015fam mekanlar\u0131na&#8230;<\/p>","protected":false},"author":1,"featured_media":0,"parent":0,"menu_order":0,"comment_status":"closed","ping_status":"closed","template":"templates\/blank.php","meta":{"ngg_post_thumbnail":0},"_links":{"self":[{"href":"https:\/\/lexsayapi.com\/en\/wp-json\/wp\/v2\/pages\/3055"}],"collection":[{"href":"https:\/\/lexsayapi.com\/en\/wp-json\/wp\/v2\/pages"}],"about":[{"href":"https:\/\/lexsayapi.com\/en\/wp-json\/wp\/v2\/types\/page"}],"author":[{"embeddable":true,"href":"https:\/\/lexsayapi.com\/en\/wp-json\/wp\/v2\/users\/1"}],"replies":[{"embeddable":true,"href":"https:\/\/lexsayapi.com\/en\/wp-json\/wp\/v2\/comments?post=3055"}],"version-history":[{"count":21,"href":"https:\/\/lexsayapi.com\/en\/wp-json\/wp\/v2\/pages\/3055\/revisions"}],"predecessor-version":[{"id":5153,"href":"https:\/\/lexsayapi.com\/en\/wp-json\/wp\/v2\/pages\/3055\/revisions\/5153"}],"wp:attachment":[{"href":"https:\/\/lexsayapi.com\/en\/wp-json\/wp\/v2\/media?parent=3055"}],"curies":[{"name":"wp","href":"https:\/\/api.w.org\/{rel}","templated":true}]}}