{"id":1348,"date":"2021-01-14T07:14:22","date_gmt":"2021-01-14T07:14:22","guid":{"rendered":"https:\/\/radiustheme.com\/demo\/wordpress\/themes\/artex\/?page_id=1348"},"modified":"2021-02-23T09:57:28","modified_gmt":"2021-02-23T09:57:28","slug":"uygulamalarimiz","status":"publish","type":"page","link":"https:\/\/lexsayapi.com\/en\/uygulamalarimiz\/","title":{"rendered":"Uygulamalar\u0131m\u0131z"},"content":{"rendered":"<div data-elementor-type=\"wp-page\" data-elementor-id=\"1348\" class=\"elementor elementor-1348\" data-elementor-settings=\"[]\">\n\t\t\t\t\t\t\t<div class=\"elementor-section-wrap\">\n\t\t\t\t\t\t\t<section class=\"elementor-section elementor-top-section elementor-element elementor-element-e7fa1b0 elementor-section-boxed elementor-section-height-default elementor-section-height-default\" data-id=\"e7fa1b0\" data-element_type=\"section\">\n\t\t\t\t\t\t<div class=\"elementor-container elementor-column-gap-default\">\n\t\t\t\t\t<div class=\"elementor-column elementor-col-100 elementor-top-column elementor-element elementor-element-d3a5899\" data-id=\"d3a5899\" data-element_type=\"column\">\n\t\t\t<div class=\"elementor-widget-wrap elementor-element-populated\">\n\t\t\t\t\t\t\t\t<div class=\"elementor-element elementor-element-7eff629 elementor-widget elementor-widget-rt-title\" data-id=\"7eff629\" data-element_type=\"widget\" data-widget_type=\"rt-title.default\">\n\t\t\t\t<div class=\"elementor-widget-container\">\n\t\t\t\n<div class=\"section-heading heading-layout4\">\n\t<h2  class=\"section-title\">Uygulamalar\u0131m\u0131z<\/h2><\/div>\t\t<\/div>\n\t\t\t\t<\/div>\n\t\t\t\t\t<\/div>\n\t\t<\/div>\n\t\t\t\t\t\t\t<\/div>\n\t\t<\/section>\n\t\t\t\t<section class=\"elementor-section elementor-top-section elementor-element elementor-element-9cd21b7 elementor-section-full_width compress-left-side pr-0 mr-30 elementor-section-height-default elementor-section-height-default\" data-id=\"9cd21b7\" data-element_type=\"section\">\n\t\t\t\t\t\t<div class=\"elementor-container elementor-column-gap-no\">\n\t\t\t\t\t<div class=\"elementor-column elementor-col-33 elementor-top-column elementor-element elementor-element-994e785\" data-id=\"994e785\" data-element_type=\"column\">\n\t\t\t<div class=\"elementor-widget-wrap elementor-element-populated\">\n\t\t\t\t\t\t\t\t<div class=\"elementor-element elementor-element-bc216a2 elementor-widget elementor-widget-rt-animated-image\" data-id=\"bc216a2\" data-element_type=\"widget\" data-widget_type=\"rt-animated-image.default\">\n\t\t\t\t<div class=\"elementor-widget-container\">\n\t\t\t\n<div class=\"shutter-effect has-animation item-figure figure-right\">       \n    <img decoding=\"async\" src=\"https:\/\/radiustheme.com\/demo\/wordpress\/themes\/artex\/wp-content\/uploads\/2021\/01\/banner15.jpg\" alt=\"Animated Image\">\n<\/div>\n\t\t<\/div>\n\t\t\t\t<\/div>\n\t\t\t\t\t<\/div>\n\t\t<\/div>\n\t\t\t\t<div class=\"elementor-column elementor-col-66 elementor-top-column elementor-element elementor-element-747238e\" data-id=\"747238e\" data-element_type=\"column\">\n\t\t\t<div class=\"elementor-widget-wrap elementor-element-populated\">\n\t\t\t\t\t\t\t\t<div class=\"elementor-element elementor-element-4744534 elementor-widget elementor-widget-rt-animated-image\" data-id=\"4744534\" data-element_type=\"widget\" data-widget_type=\"rt-animated-image.default\">\n\t\t\t\t<div class=\"elementor-widget-container\">\n\t\t\t\n<div class=\"shutter-effect has-animation item-figure figure-right\">       \n    <img decoding=\"async\" src=\"https:\/\/radiustheme.com\/demo\/wordpress\/themes\/artex\/wp-content\/uploads\/2021\/01\/banner16.jpg\" alt=\"Animated Image\">\n<\/div>\n\t\t<\/div>\n\t\t\t\t<\/div>\n\t\t\t\t\t<\/div>\n\t\t<\/div>\n\t\t\t\t\t\t\t<\/div>\n\t\t<\/section>\n\t\t\t\t<section class=\"elementor-section elementor-top-section elementor-element elementor-element-e71a35f elementor-section-boxed elementor-section-height-default elementor-section-height-default\" data-id=\"e71a35f\" data-element_type=\"section\">\n\t\t\t\t\t\t<div class=\"elementor-container elementor-column-gap-default\">\n\t\t\t\t\t<div class=\"elementor-column elementor-col-100 elementor-top-column elementor-element elementor-element-202ec66\" data-id=\"202ec66\" data-element_type=\"column\">\n\t\t\t<div class=\"elementor-widget-wrap elementor-element-populated\">\n\t\t\t\t\t\t\t\t<div class=\"elementor-element elementor-element-5810247 elementor-widget elementor-widget-rt-service\" data-id=\"5810247\" data-element_type=\"widget\" data-widget_type=\"rt-service.default\">\n\t\t\t\t<div class=\"elementor-widget-container\">\n\t\t\t\n<div class=\"row\">\n    <div class=\"col-lg-4 col-md-6 col-12\">\n    <div class=\"service-layout1 service-common\">\n      <div class=\"item-content\">\n                <div class=\"item-icon\">\n          <i class=\"flaticon-optimization\"><\/i>\n        <\/div>\n                <h3 class=\"item-title st\"><a href=\"https:\/\/lexsayapi.com\/en\/service\/cati-cami\/\">Roof Glass<\/a><\/h3>\n        <p class=\"item-paragraph\">U\u00e7aksavar lambas\u0131, sert bir \u00e7er\u00e7eve ve i\u00e7 odalar\u0131n ayd\u0131nlatmas\u0131 ve havaland\u0131r\u0131lmas\u0131 i\u00e7in kullan\u0131lan yar\u0131 saydam bir dolgudan<\/p>\n      <\/div>\n    <\/div>\n  <\/div>\n    <div class=\"col-lg-4 col-md-6 col-12\">\n    <div class=\"service-layout1 service-common\">\n      <div class=\"item-content\">\n                <div class=\"item-icon\">\n          <i class=\"flaticon-floor-plans\"><\/i>\n        <\/div>\n                <h3 class=\"item-title st\"><a href=\"https:\/\/lexsayapi.com\/en\/service\/yangin-cami\/\">Fire Glass<\/a><\/h3>\n        <p class=\"item-paragraph\">Yang\u0131n koruyucu cam: Yanmaz cephenin elemanlar\u0131 yang\u0131na dayan\u0131kl\u0131 camdan ve bir al\u00fcminyum veya \u00e7elik profilden olu\u015fur.\n\n<\/p>\n      <\/div>\n    <\/div>\n  <\/div>\n    <div class=\"col-lg-4 col-md-6 col-12\">\n    <div class=\"service-layout1 service-common\">\n      <div class=\"item-content\">\n                <div class=\"item-icon\">\n          <i class=\"flaticon-building\"><\/i>\n        <\/div>\n                <h3 class=\"item-title st\"><a href=\"https:\/\/lexsayapi.com\/en\/service\/moduler-cam\/\">Modular Glass<\/a><\/h3>\n        <p class=\"item-paragraph\">Fabrikada \u00fcretilen ve a\u00e7\u0131l\u0131\u015f kap\u0131lar\u0131, pencere pervazlar\u0131, iklimlendirme sistemleri vb. \u0130\u00e7eren prefabrik bloklardan olu\u015fan bir cephe cam<\/p>\n      <\/div>\n    <\/div>\n  <\/div>\n    <div class=\"col-lg-4 col-md-6 col-12\">\n    <div class=\"service-layout1 service-common\">\n      <div class=\"item-content\">\n                <div class=\"item-icon\">\n          <i class=\"flaticon-home\"><\/i>\n        <\/div>\n                <h3 class=\"item-title st\"><a href=\"https:\/\/lexsayapi.com\/en\/service\/panoramik-cam\/\">Panoramic Glass<\/a><\/h3>\n        <p class=\"item-paragraph\">Neredeyse tamamen \u015feffaf bir duvar olu\u015fturman\u0131za ve binan\u0131n se\u00e7kinli\u011fini vurgulaman\u0131za izin veren cephe tasar\u0131m\u0131n\u0131n en iyi se\u00e7imidir.<\/p>\n      <\/div>\n    <\/div>\n  <\/div>\n   \n<\/div>\n\n\n\t\t<\/div>\n\t\t\t\t<\/div>\n\t\t\t\t\t<\/div>\n\t\t<\/div>\n\t\t\t\t\t\t\t<\/div>\n\t\t<\/section>\n\t\t\t\t<section class=\"elementor-section elementor-top-section elementor-element elementor-element-84dfa39 elementor-section-boxed elementor-section-height-default elementor-section-height-default\" data-id=\"84dfa39\" data-element_type=\"section\" data-settings=\"{&quot;background_background&quot;:&quot;classic&quot;}\">\n\t\t\t\t\t\t<div class=\"elementor-container elementor-column-gap-default\">\n\t\t\t\t\t<div class=\"elementor-column elementor-col-100 elementor-top-column elementor-element elementor-element-4ddc51e\" data-id=\"4ddc51e\" data-element_type=\"column\">\n\t\t\t<div class=\"elementor-widget-wrap elementor-element-populated\">\n\t\t\t\t\t\t\t\t<div class=\"elementor-element elementor-element-c3ac3c8 elementor-widget elementor-widget-rt-title\" data-id=\"c3ac3c8\" data-element_type=\"widget\" data-widget_type=\"rt-title.default\">\n\t\t\t\t<div class=\"elementor-widget-container\">\n\t\t\t\n<div class=\"section-heading\">\n\t<h2  class=\"section-title align-center\">Our Clients<\/h2>\t\t<div class=\"section-paragraph align-center\"><p>There are many variations of passages of Lorem Ipsum available but don't look even slightly believable.<\/p><\/div>\n\t<\/div>\t\t<\/div>\n\t\t\t\t<\/div>\n\t\t\t\t<div class=\"elementor-element elementor-element-bdfd8ac elementor-widget elementor-widget-rt-testimonial\" data-id=\"bdfd8ac\" data-element_type=\"widget\" data-widget_type=\"rt-testimonial.default\">\n\t\t\t\t<div class=\"elementor-widget-container\">\n\t\t\t<div class=\"testimonial-wrap-layout1 testimonial-carousel1\" data-slick='{&quot;slidesToShow&quot;:&quot;2&quot;,&quot;slidesToShowTab&quot;:&quot;1&quot;,&quot;slidesToShowMobile&quot;:&quot;1&quot;,&quot;slidesToShowMobiles&quot;:&quot;1&quot;,&quot;autoplaySpeed&quot;:&quot;2000&quot;,&quot;dots&quot;:false,&quot;arrows&quot;:false,&quot;fade&quot;:false,&quot;autoplay&quot;:false,&quot;rtl&quot;:false}'>\n        <div class=\"testimonial-layout1\">\n                <div class=\"item-figure\">\n            <img decoding=\"async\" src=\"https:\/\/radiustheme.com\/demo\/wordpress\/themes\/artex\/wp-content\/uploads\/2021\/01\/testimonial1.jpg\" alt=\"testimonial\">\n        <\/div>\n                <div class=\"item-content\">\n            <h3 class=\"item-title\">Vintage Alaski<\/h3>\n            <div class=\"item-sub-title\">Architect<\/div>\n            <p class=\"item-paragraph\">There are many variations of passages of Lorem that available but the majority have the suffered alteration in the believable.<\/p>\n        <\/div>\n    <\/div>\n        <div class=\"testimonial-layout1\">\n                <div class=\"item-figure\">\n            <img decoding=\"async\" src=\"https:\/\/radiustheme.com\/demo\/wordpress\/themes\/artex\/wp-content\/uploads\/2021\/01\/testimonial2.jpg\" alt=\"testimonial\">\n        <\/div>\n                <div class=\"item-content\">\n            <h3 class=\"item-title\">Victoria Vargas<\/h3>\n            <div class=\"item-sub-title\">Architect<\/div>\n            <p class=\"item-paragraph\">There are many variations of passages of Lorem that available but the majority have the suffered alteration in the believable.<\/p>\n        <\/div>\n    <\/div>\n        <div class=\"testimonial-layout1\">\n                <div class=\"item-figure\">\n            <img decoding=\"async\" src=\"https:\/\/radiustheme.com\/demo\/wordpress\/themes\/artex\/wp-content\/uploads\/2021\/01\/testimonial3.jpg\" alt=\"testimonial\">\n        <\/div>\n                <div class=\"item-content\">\n            <h3 class=\"item-title\">Alaina Kent<\/h3>\n            <div class=\"item-sub-title\">Architect<\/div>\n            <p class=\"item-paragraph\">There are many variations of passages of Lorem that available but the majority have the suffered alteration in the believable.<\/p>\n        <\/div>\n    <\/div>\n    <\/div>\n\t\t<\/div>\n\t\t\t\t<\/div>\n\t\t\t\t\t<\/div>\n\t\t<\/div>\n\t\t\t\t\t\t\t<\/div>\n\t\t<\/section>\n\t\t\t\t<section class=\"elementor-section elementor-top-section elementor-element elementor-element-9a349f5 elementor-section-boxed elementor-section-height-default elementor-section-height-default\" data-id=\"9a349f5\" data-element_type=\"section\" data-settings=\"{&quot;background_background&quot;:&quot;classic&quot;}\">\n\t\t\t\t\t\t<div class=\"elementor-container elementor-column-gap-default\">\n\t\t\t\t\t<div class=\"elementor-column elementor-col-100 elementor-top-column elementor-element elementor-element-b54e5b3\" data-id=\"b54e5b3\" data-element_type=\"column\">\n\t\t\t<div class=\"elementor-widget-wrap elementor-element-populated\">\n\t\t\t\t\t\t\t\t<div class=\"elementor-element elementor-element-fd1b59a brand-layout1 elementor-widget elementor-widget-image-carousel\" data-id=\"fd1b59a\" data-element_type=\"widget\" data-settings=\"{&quot;slides_to_show&quot;:&quot;6&quot;,&quot;slides_to_show_tablet&quot;:&quot;4&quot;,&quot;navigation&quot;:&quot;none&quot;,&quot;autoplay&quot;:&quot;yes&quot;,&quot;pause_on_hover&quot;:&quot;yes&quot;,&quot;pause_on_interaction&quot;:&quot;yes&quot;,&quot;autoplay_speed&quot;:5000,&quot;infinite&quot;:&quot;yes&quot;,&quot;speed&quot;:500}\" data-widget_type=\"image-carousel.default\">\n\t\t\t\t<div class=\"elementor-widget-container\">\n\t\t\t\t\t<div class=\"elementor-image-carousel-wrapper swiper-container\" dir=\"ltr\">\n\t\t\t<div class=\"elementor-image-carousel swiper-wrapper\">\n\t\t\t\t<div class=\"swiper-slide\"><figure class=\"swiper-slide-inner\"><img decoding=\"async\" class=\"swiper-slide-image\" src=\"\" alt=\"\" \/><\/figure><\/div><div class=\"swiper-slide\"><figure class=\"swiper-slide-inner\"><img decoding=\"async\" class=\"swiper-slide-image\" src=\"\" alt=\"\" \/><\/figure><\/div><div class=\"swiper-slide\"><figure class=\"swiper-slide-inner\"><img decoding=\"async\" class=\"swiper-slide-image\" src=\"\" alt=\"\" \/><\/figure><\/div><div class=\"swiper-slide\"><figure class=\"swiper-slide-inner\"><img decoding=\"async\" class=\"swiper-slide-image\" src=\"\" alt=\"\" \/><\/figure><\/div><div class=\"swiper-slide\"><figure class=\"swiper-slide-inner\"><img decoding=\"async\" class=\"swiper-slide-image\" src=\"\" alt=\"\" \/><\/figure><\/div><div class=\"swiper-slide\"><figure class=\"swiper-slide-inner\"><img decoding=\"async\" class=\"swiper-slide-image\" src=\"\" alt=\"\" \/><\/figure><\/div><div class=\"swiper-slide\"><figure class=\"swiper-slide-inner\"><img decoding=\"async\" class=\"swiper-slide-image\" src=\"\" alt=\"\" \/><\/figure><\/div>\t\t\t<\/div>\n\t\t\t\t\t\t\t\t\t\t\t\t\t\t\t\t<\/div>\n\t\t\t\t<\/div>\n\t\t\t\t<\/div>\n\t\t\t\t\t<\/div>\n\t\t<\/div>\n\t\t\t\t\t\t\t<\/div>\n\t\t<\/section>\n\t\t\t\t\t\t<\/div>\n\t\t\t\t\t<\/div>","protected":false},"excerpt":{"rendered":"<p>Uygulamalar\u0131m\u0131z \u00c7at\u0131 Cam\u0131 U\u00e7aksavar lambas\u0131, sert bir \u00e7er\u00e7eve ve i\u00e7 odalar\u0131n ayd\u0131nlatmas\u0131 ve havaland\u0131r\u0131lmas\u0131 i\u00e7in kullan\u0131lan yar\u0131 saydam bir dolgudan Yang\u0131n Cam\u0131 Yang\u0131n koruyucu cam: Yanmaz cephenin elemanlar\u0131 yang\u0131na dayan\u0131kl\u0131 camdan ve bir al\u00fcminyum veya \u00e7elik profilden olu\u015fur. Mod\u00fcler Cam Fabrikada \u00fcretilen ve a\u00e7\u0131l\u0131\u015f kap\u0131lar\u0131, pencere pervazlar\u0131, iklimlendirme sistemleri vb. \u0130\u00e7eren prefabrik bloklardan olu\u015fan bir&#8230;<\/p>","protected":false},"author":1,"featured_media":0,"parent":0,"menu_order":0,"comment_status":"closed","ping_status":"closed","template":"templates\/blank.php","meta":{"ngg_post_thumbnail":0},"_links":{"self":[{"href":"https:\/\/lexsayapi.com\/en\/wp-json\/wp\/v2\/pages\/1348"}],"collection":[{"href":"https:\/\/lexsayapi.com\/en\/wp-json\/wp\/v2\/pages"}],"about":[{"href":"https:\/\/lexsayapi.com\/en\/wp-json\/wp\/v2\/types\/page"}],"author":[{"embeddable":true,"href":"https:\/\/lexsayapi.com\/en\/wp-json\/wp\/v2\/users\/1"}],"replies":[{"embeddable":true,"href":"https:\/\/lexsayapi.com\/en\/wp-json\/wp\/v2\/comments?post=1348"}],"version-history":[{"count":6,"href":"https:\/\/lexsayapi.com\/en\/wp-json\/wp\/v2\/pages\/1348\/revisions"}],"predecessor-version":[{"id":4807,"href":"https:\/\/lexsayapi.com\/en\/wp-json\/wp\/v2\/pages\/1348\/revisions\/4807"}],"wp:attachment":[{"href":"https:\/\/lexsayapi.com\/en\/wp-json\/wp\/v2\/media?parent=1348"}],"curies":[{"name":"wp","href":"https:\/\/api.w.org\/{rel}","templated":true}]}}